{"id":138,"date":"2020-02-17T12:42:24","date_gmt":"2020-02-17T09:42:24","guid":{"rendered":"https:\/\/hikmetozer.com\/?page_id=138"},"modified":"2025-01-02T10:12:31","modified_gmt":"2025-01-02T07:12:31","slug":"iletisim","status":"publish","type":"page","link":"https:\/\/hikmetozer.com\/?page_id=138","title":{"rendered":"\u0130leti\u015fim"},"content":{"rendered":"\t\t<div data-elementor-type=\"wp-page\" data-elementor-id=\"138\" class=\"elementor elementor-138\">\n\t\t\t\t\t\t<section class=\"elementor-section elementor-top-section elementor-element elementor-element-d787baa elementor-section-boxed elementor-section-height-default elementor-section-height-default\" data-id=\"d787baa\" data-element_type=\"section\">\n\t\t\t\t\t\t<div class=\"elementor-container elementor-column-gap-no\">\n\t\t\t\t\t<div class=\"aux-parallax-section elementor-column elementor-col-100 elementor-top-column elementor-element elementor-element-2ce20cd\" data-id=\"2ce20cd\" data-element_type=\"column\">\n\t\t\t<div class=\"elementor-widget-wrap elementor-element-populated\">\n\t\t\t\t\t\t<div class=\"elementor-element elementor-element-a2c7994 elementor-widget elementor-widget-spacer\" data-id=\"a2c7994\" data-element_type=\"widget\" data-widget_type=\"spacer.default\">\n\t\t\t\t<div class=\"elementor-widget-container\">\n\t\t\t\t\t<div class=\"elementor-spacer\">\n\t\t\t<div class=\"elementor-spacer-inner\"><\/div>\n\t\t<\/div>\n\t\t\t\t<\/div>\n\t\t\t\t<\/div>\n\t\t\t\t<div class=\"elementor-element elementor-element-7bd8824 aux-appear-watch-animation aux-fade-in-right-1 elementor-widget elementor-widget-aux_modern_heading\" data-id=\"7bd8824\" data-element_type=\"widget\" data-widget_type=\"aux_modern_heading.default\">\n\t\t\t\t<div class=\"elementor-widget-container\">\n\t\t\t<section class=\"aux-widget-modern-heading\">\n            <div class=\"aux-widget-inner\"><h2 class=\"aux-modern-heading-primary\">\u0130LET\u0130\u015e\u0130M<\/h2><h3 class=\"aux-modern-heading-secondary\"><span class=\"aux-head-highlight\">B\u0130Z\u0130MLE \u0130LET\u0130\u015e\u0130ME GE\u00c7\u0130N<\/span><\/h3><\/div>\n        <\/section>\t\t<\/div>\n\t\t\t\t<\/div>\n\t\t\t\t<div class=\"elementor-element elementor-element-5be90d9 aux-appear-watch-animation aux-fade-in-up-1 elementor-widget elementor-widget-aux_contact_form\" data-id=\"5be90d9\" data-element_type=\"widget\" data-widget_type=\"aux_contact_form.default\">\n\t\t\t\t<div class=\"elementor-widget-container\">\n\t\t\t<section class=\"widget-container aux-widget-contact-form aux-parent-au93f84330\">            <div class=\"aux-col-wrapper aux-no-gutter\">\n            <!-- @TODO - The output for element here -->\n\n            \n<div class=\"wpcf7 no-js\" id=\"wpcf7-f113-o1\" lang=\"en-US\" dir=\"ltr\">\n<div class=\"screen-reader-response\"><p role=\"status\" aria-live=\"polite\" aria-atomic=\"true\"><\/p> <ul><\/ul><\/div>\n<form action=\"\/index.php?rest_route=%2Fwp%2Fv2%2Fpages%2F138#wpcf7-f113-o1\" method=\"post\" class=\"wpcf7-form init\" aria-label=\"Contact form\" novalidate=\"novalidate\" data-status=\"init\">\n<div style=\"display: none;\">\n<input type=\"hidden\" name=\"_wpcf7\" value=\"113\" \/>\n<input type=\"hidden\" name=\"_wpcf7_version\" value=\"5.9.3\" \/>\n<input type=\"hidden\" name=\"_wpcf7_locale\" value=\"en_US\" \/>\n<input type=\"hidden\" name=\"_wpcf7_unit_tag\" value=\"wpcf7-f113-o1\" \/>\n<input type=\"hidden\" name=\"_wpcf7_container_post\" value=\"0\" \/>\n<input type=\"hidden\" name=\"_wpcf7_posted_data_hash\" value=\"\" \/>\n<\/div>\n<div class=\"aux-nextto\">\n\t<div>\n\t\t<p><label><br \/>\n<span class=\"wpcf7-form-control-wrap\" data-name=\"text-943\"><input size=\"40\" class=\"wpcf7-form-control wpcf7-text wpcf7-validates-as-required\" aria-required=\"true\" aria-invalid=\"false\" placeholder=\"\u0130S\u0130M SOY\u0130S\u0130M\" value=\"\" type=\"text\" name=\"text-943\" \/><\/span><\/label>\n\t\t<\/p>\n\t\t<p><label><br \/>\n<span class=\"wpcf7-form-control-wrap\" data-name=\"email-909\"><input size=\"40\" class=\"wpcf7-form-control wpcf7-email wpcf7-validates-as-required wpcf7-text wpcf7-validates-as-email\" aria-required=\"true\" aria-invalid=\"false\" placeholder=\"MA\u0130L ADRES\u0130N\u0130Z\" value=\"\" type=\"email\" name=\"email-909\" \/><\/span><\/label>\n\t\t<\/p>\n\t\t<p><label><br \/>\n<span class=\"wpcf7-form-control-wrap\" data-name=\"tel-442\"><input size=\"40\" class=\"wpcf7-form-control wpcf7-tel wpcf7-text wpcf7-validates-as-tel\" aria-invalid=\"false\" placeholder=\"TELEFON NUMARANIZ\" value=\"\" type=\"tel\" name=\"tel-442\" \/><\/span><\/label>\n\t\t<\/p>\n\t<\/div>\n\t<p><label><br \/>\n<span class=\"wpcf7-form-control-wrap\" data-name=\"textarea-129\"><textarea cols=\"40\" rows=\"10\" class=\"wpcf7-form-control wpcf7-textarea\" aria-invalid=\"false\" placeholder=\"MESAJINIZ\" name=\"textarea-129\"><\/textarea><\/span><\/label>\n\t<\/p>\n<\/div>\n<p><input class=\"wpcf7-form-control wpcf7-submit has-spinner\" type=\"submit\" value=\"MESAJI G\u00d6NDER\" \/>\n<\/p><div class=\"wpcf7-response-output\" aria-hidden=\"true\"><\/div>\n<\/form>\n<\/div>\n\n\n            <\/div><!-- aux-col-wrapper -->\n    <\/section><!-- widget-container -->\t\t<\/div>\n\t\t\t\t<\/div>\n\t\t\t\t\t<\/div>\n\t\t<\/div>\n\t\t\t\t\t<\/div>\n\t\t<\/section>\n\t\t\t\t<section class=\"elementor-section elementor-top-section elementor-element elementor-element-6dc11df elementor-section-boxed elementor-section-height-default elementor-section-height-default\" data-id=\"6dc11df\" data-element_type=\"section\">\n\t\t\t\t\t\t<div class=\"elementor-container elementor-column-gap-default\">\n\t\t\t\t\t<div class=\"aux-parallax-section elementor-column elementor-col-100 elementor-top-column elementor-element elementor-element-d50c40f\" data-id=\"d50c40f\" data-element_type=\"column\">\n\t\t\t<div class=\"elementor-widget-wrap\">\n\t\t\t\t\t\t\t<\/div>\n\t\t<\/div>\n\t\t\t\t\t<\/div>\n\t\t<\/section>\n\t\t\t\t<section class=\"elementor-section elementor-top-section elementor-element elementor-element-9b9f7ff elementor-section-full_width elementor-section-height-full elementor-section-height-default elementor-section-items-middle\" data-id=\"9b9f7ff\" data-element_type=\"section\" data-settings=\"{&quot;background_background&quot;:&quot;classic&quot;}\">\n\t\t\t\t\t\t<div class=\"elementor-container elementor-column-gap-no\">\n\t\t\t\t\t<div class=\"aux-parallax-section elementor-column elementor-col-100 elementor-top-column elementor-element elementor-element-f894e8c\" data-id=\"f894e8c\" data-element_type=\"column\" data-settings=\"{&quot;background_background&quot;:&quot;classic&quot;}\">\n\t\t\t<div class=\"elementor-widget-wrap elementor-element-populated\">\n\t\t\t\t\t\t<div class=\"aux-scroll-anim elementor-element elementor-element-ca79124 elementor-widget__width-auto elementor-hidden-phone elementor-widget elementor-widget-aux_simple_svg\" data-move-in=\"\" data-move-out=\"moveVertical\" data-axis-x=\"200\" data-axis-y=\"50\" data-rotate=\"90\" data-scale=\"1\" data-vp-top=\"0.5\" data-vp-bot=\"0.5\" data-el-top=\"0.2\" data-scroll-animation-off=\"1024\" data-id=\"ca79124\" data-element_type=\"widget\" data-widget_type=\"aux_simple_svg.default\">\n\t\t\t\t<div class=\"elementor-widget-container\">\n\t\t\t    <div class=\"aux-widget-container aux-simple-svg-container\">\n        <div class=\"aux-widget-container-inner\">\n            <div class=\"aux-the-svg\"><svg xmlns=\"http:\/\/www.w3.org\/2000\/svg\" width=\"97\" height=\"97\" viewBox=\"0 0 97 97\"><defs><linearGradient id=\"linear-gradient\" x1=\"-0.077\" y1=\"0.571\" x2=\"1.218\" y2=\"0.934\" gradientUnits=\"objectBoundingBox\"><stop offset=\"0\" stop-color=\"#a500ff\" \/><stop offset=\"0.498\" stop-color=\"#5372ff\" stop-opacity=\"0.349\" \/><stop offset=\"1\" stop-color=\"#00e5ff\" stop-opacity=\"0.31\" \/><\/linearGradient><\/defs><path id=\"transparent_cyrcle\" d=\"M48.5,0a48.859,48.859,0,0,0-9.774.985,48.234,48.234,0,0,0-17.342,7.3A48.642,48.642,0,0,0,3.811,29.622a48.255,48.255,0,0,0-2.826,9.1,48.973,48.973,0,0,0,0,19.549,48.234,48.234,0,0,0,7.3,17.342A48.642,48.642,0,0,0,29.622,93.189a48.256,48.256,0,0,0,9.1,2.826,48.973,48.973,0,0,0,19.549,0,48.234,48.234,0,0,0,17.342-7.3A48.642,48.642,0,0,0,93.189,67.378a48.256,48.256,0,0,0,2.826-9.1,48.973,48.973,0,0,0,0-19.549,48.235,48.235,0,0,0-7.3-17.342A48.641,48.641,0,0,0,67.378,3.811a48.256,48.256,0,0,0-9.1-2.826A48.859,48.859,0,0,0,48.5,0Zm.072,66.2A17.774,17.774,0,1,1,66.346,48.428,17.794,17.794,0,0,1,48.572,66.2Z\" transform=\"translate(0 97) rotate(-90)\" fill=\"url(#linear-gradient)\" \/><\/svg><\/div>\n        <\/div>\n    <\/div>\n    \t\t<\/div>\n\t\t\t\t<\/div>\n\t\t\t\t<div class=\"elementor-element elementor-element-a8c9f3b elementor-widget__width-auto elementor-hidden-phone elementor-widget elementor-widget-aux_simple_svg\" data-id=\"a8c9f3b\" data-element_type=\"widget\" data-widget_type=\"aux_simple_svg.default\">\n\t\t\t\t<div class=\"elementor-widget-container\">\n\t\t\t    <div class=\"aux-widget-container aux-simple-svg-container\">\n        <div class=\"aux-widget-container-inner\">\n            <div class=\"aux-the-svg\"><svg xmlns=\"http:\/\/www.w3.org\/2000\/svg\" width=\"89.916\" height=\"89.916\" viewBox=\"0 0 89.916 89.916\"><defs><filter id=\"Path_66\" x=\"0\" y=\"0\" width=\"89.916\" height=\"89.916\"><feOffset dy=\"3\" \/><feGaussianBlur stdDeviation=\"11.5\" result=\"blur\" \/><feFlood flood-color=\"coral\" flood-opacity=\"0.4\" \/><feComposite operator=\"in\" in2=\"blur\" \/><feComposite in=\"SourceGraphic\" \/><\/filter><\/defs><g transform=\"matrix(1, 0, 0, 1, 0, 0)\" filter=\"url(#Path_66)\"><path id=\"Path_66-2\" d=\"M10.458,0A10.458,10.458,0,1,1,0,10.458,10.458,10.458,0,0,1,10.458,0Z\" transform=\"translate(34.5 31.5)\" fill=\"coral\" \/><\/g><\/svg><\/div>\n        <\/div>\n    <\/div>\n    \t\t<\/div>\n\t\t\t\t<\/div>\n\t\t\t\t<section class=\"elementor-section elementor-inner-section elementor-element elementor-element-0c8e20f aux-appear-watch-animation aux-scale-up elementor-section-boxed elementor-section-height-default elementor-section-height-default\" data-id=\"0c8e20f\" data-element_type=\"section\" data-settings=\"{&quot;background_background&quot;:&quot;classic&quot;}\">\n\t\t\t\t\t\t<div class=\"elementor-container elementor-column-gap-default\">\n\t\t\t\t\t<div class=\"aux-parallax-section elementor-column elementor-col-33 elementor-inner-column elementor-element elementor-element-6c70cac aux-appear-watch-animation aux-fade-in-right\" data-id=\"6c70cac\" data-element_type=\"column\">\n\t\t\t<div class=\"elementor-widget-wrap elementor-element-populated\">\n\t\t\t\t\t\t<div class=\"elementor-element elementor-element-4794979 elementor-widget elementor-widget-aux_text\" data-id=\"4794979\" data-element_type=\"widget\" data-widget_type=\"aux_text.default\">\n\t\t\t\t<div class=\"elementor-widget-container\">\n\t\t\t<section class=\"widget-container aux-widget-text aux-parent-au824b6fd8\">        <div class=\"aux-widget-advanced-text aux-wrap-style-simple aux-ico-pos-top aux-text-center aux-text-resp- aux-text-color-dark aux-text-widget-bg-center  \" >\n        \n                            <div class=\"aux-text-widget-header \"  >\n                        <div class=\"aux-ico-box aux-ico-large aux-img-box aux-ico-shape-default aux-ico-clear \">\n                                                                <img decoding=\"async\" width=\"57\" height=\"57\" src=\"https:\/\/hikmetozer.com\/wp-content\/uploads\/2020\/02\/phone-alt-solid.png\" class=\"aux-attachment aux-featured-image aux-attachment-id-37\" alt=\"demo-attachment-749-phone-alt-solid\" data-ratio=\"1\" data-original-w=\"57\" \/>                                                    <\/div>\n                <\/div>\n            \n            <div class=\"aux-text-inner aux-text-widget-content\">\n                                <h4 class=\"col-title\">Telefon<\/h4>\n                                <div class=\"widget-content\">\n                                        <p><strong>+90 532 683 7224<\/strong><\/p><p><strong>info@hikmetozer.com<\/strong><\/p>                <\/div>\n                            <\/div>\n        <\/div>\n                    <div class=\"aux-text-widget-footer\">\n                <div class=\"aux-border-shape-none \">\n                                <\/div>\n            <\/div>\n        \n<\/section><!-- widget-container -->\t\t<\/div>\n\t\t\t\t<\/div>\n\t\t\t\t\t<\/div>\n\t\t<\/div>\n\t\t\t\t<div class=\"aux-parallax-section elementor-column elementor-col-33 elementor-inner-column elementor-element elementor-element-37dc62f aux-appear-watch-animation aux-fade-in-right\" data-id=\"37dc62f\" data-element_type=\"column\">\n\t\t\t<div class=\"elementor-widget-wrap elementor-element-populated\">\n\t\t\t\t\t\t<div class=\"elementor-element elementor-element-85db494 elementor-widget elementor-widget-aux_text\" data-id=\"85db494\" data-element_type=\"widget\" data-widget_type=\"aux_text.default\">\n\t\t\t\t<div class=\"elementor-widget-container\">\n\t\t\t<section class=\"widget-container aux-widget-text aux-parent-au19d17ed9\">        <div class=\"aux-widget-advanced-text aux-wrap-style-simple aux-ico-pos-top aux-text-center aux-text-resp- aux-text-color-dark aux-text-widget-bg-center  \" >\n        \n                            <div class=\"aux-text-widget-header \"  >\n                        <div class=\"aux-ico-box aux-ico-large aux-img-box aux-ico-shape-default aux-ico-clear \">\n                                                                <img decoding=\"async\" width=\"43\" height=\"57\" src=\"https:\/\/hikmetozer.com\/wp-content\/uploads\/2020\/02\/map-marker-alt-solid.png\" class=\"aux-attachment aux-featured-image aux-attachment-id-38\" alt=\"demo-attachment-748-map-marker-alt-solid\" data-ratio=\"0.75\" data-original-w=\"43\" \/>                                                    <\/div>\n                <\/div>\n            \n            <div class=\"aux-text-inner aux-text-widget-content\">\n                                <h4 class=\"col-title\">Adres<\/h4>\n                                <div class=\"widget-content\">\n                                        <p><strong><a tabindex=\"0\" href=\"https:\/\/www.google.com\/maps\/place\/\/data=!4m2!3m1!1s0x14d09397874c93a1:0xb2f022f0517fa008?sa=X&ved=1t:8290&ictx=111\" data-url=\"\/maps\/place\/\/data=!4m2!3m1!1s0x14d09397874c93a1:0xb2f022f0517fa008?sa=X&ved=2ahUKEwidn8_g9suFAxV6Q_EDHZWKAGEQ4kB6BAg4EAA\">B\u00fcy\u00fckkayac\u0131k OSB, Yaylac\u0131k Cd. No:6, 42280 B\u00fcy\u00fckkayac\u0131k Osb\/Sel\u00e7uklu\/Konya<\/a><\/strong><\/p>                <\/div>\n                            <\/div>\n        <\/div>\n                    <div class=\"aux-text-widget-footer\">\n                <div class=\"aux-border-shape-none \">\n                                <\/div>\n            <\/div>\n        \n<\/section><!-- widget-container -->\t\t<\/div>\n\t\t\t\t<\/div>\n\t\t\t\t\t<\/div>\n\t\t<\/div>\n\t\t\t\t<div class=\"aux-parallax-section elementor-column elementor-col-33 elementor-inner-column elementor-element elementor-element-ca40fb7 aux-appear-watch-animation aux-fade-in-right\" data-id=\"ca40fb7\" data-element_type=\"column\">\n\t\t\t<div class=\"elementor-widget-wrap elementor-element-populated\">\n\t\t\t\t\t\t<div class=\"elementor-element elementor-element-8c839e3 elementor-widget elementor-widget-aux_text\" data-id=\"8c839e3\" data-element_type=\"widget\" data-widget_type=\"aux_text.default\">\n\t\t\t\t<div class=\"elementor-widget-container\">\n\t\t\t<section class=\"widget-container aux-widget-text aux-parent-au3d6de009\">        <div class=\"aux-widget-advanced-text aux-wrap-style-simple aux-ico-pos-top aux-text-center aux-text-resp- aux-text-color-dark aux-text-widget-bg-center  \" >\n        \n                            <div class=\"aux-text-widget-header \"  >\n                        <div class=\"aux-ico-box aux-ico-large aux-img-box aux-ico-shape-default aux-ico-clear \">\n                                                                <img decoding=\"async\" width=\"56\" height=\"56\" src=\"https:\/\/hikmetozer.com\/wp-content\/uploads\/2020\/02\/clock-solid.png\" class=\"aux-attachment aux-featured-image aux-attachment-id-39\" alt=\"demo-attachment-747-clock-solid\" data-ratio=\"1\" data-original-w=\"56\" \/>                                                    <\/div>\n                <\/div>\n            \n            <div class=\"aux-text-inner aux-text-widget-content\">\n                                <h4 class=\"col-title\">\u00c7al\u0131\u015fma Saatleri<\/h4>\n                                <div class=\"widget-content\">\n                                        <p><strong>Pazartesi - Cuma : 08.00 - 18.00<\/strong><\/p><p><strong>Cumartesi : 08.00 - 13.00<\/strong><\/p>                <\/div>\n                            <\/div>\n        <\/div>\n                    <div class=\"aux-text-widget-footer\">\n                <div class=\"aux-border-shape-none \">\n                                <\/div>\n            <\/div>\n        \n<\/section><!-- widget-container -->\t\t<\/div>\n\t\t\t\t<\/div>\n\t\t\t\t\t<\/div>\n\t\t<\/div>\n\t\t\t\t\t<\/div>\n\t\t<\/section>\n\t\t\t\t<div class=\"elementor-element elementor-element-2af9f32 elementor-widget__width-auto elementor-hidden-phone elementor-widget elementor-widget-aux_simple_svg\" data-id=\"2af9f32\" data-element_type=\"widget\" data-widget_type=\"aux_simple_svg.default\">\n\t\t\t\t<div class=\"elementor-widget-container\">\n\t\t\t    <div class=\"aux-widget-container aux-simple-svg-container\">\n        <div class=\"aux-widget-container-inner\">\n            <div class=\"aux-the-svg\"><svg xmlns=\"http:\/\/www.w3.org\/2000\/svg\" width=\"97\" height=\"97\" viewBox=\"0 0 97 97\"><defs><linearGradient id=\"linear-gradient\" x1=\"-0.077\" y1=\"0.571\" x2=\"1.218\" y2=\"0.934\" gradientUnits=\"objectBoundingBox\"><stop offset=\"0\" stop-color=\"#a500ff\" \/><stop offset=\"0.498\" stop-color=\"#5372ff\" stop-opacity=\"0.349\" \/><stop offset=\"1\" stop-color=\"#00e5ff\" stop-opacity=\"0.31\" \/><\/linearGradient><\/defs><path id=\"transparent_cyrcle\" d=\"M48.5,0a48.859,48.859,0,0,0-9.774.985,48.234,48.234,0,0,0-17.342,7.3A48.642,48.642,0,0,0,3.811,29.622a48.255,48.255,0,0,0-2.826,9.1,48.973,48.973,0,0,0,0,19.549,48.234,48.234,0,0,0,7.3,17.342A48.642,48.642,0,0,0,29.622,93.189a48.256,48.256,0,0,0,9.1,2.826,48.973,48.973,0,0,0,19.549,0,48.234,48.234,0,0,0,17.342-7.3A48.642,48.642,0,0,0,93.189,67.378a48.256,48.256,0,0,0,2.826-9.1,48.973,48.973,0,0,0,0-19.549,48.235,48.235,0,0,0-7.3-17.342A48.641,48.641,0,0,0,67.378,3.811a48.256,48.256,0,0,0-9.1-2.826A48.859,48.859,0,0,0,48.5,0Zm.072,66.2A17.774,17.774,0,1,1,66.346,48.428,17.794,17.794,0,0,1,48.572,66.2Z\" transform=\"translate(0 97) rotate(-90)\" fill=\"url(#linear-gradient)\" \/><\/svg><\/div>\n        <\/div>\n    <\/div>\n    \t\t<\/div>\n\t\t\t\t<\/div>\n\t\t\t\t<div class=\"aux-scroll-anim elementor-element elementor-element-8cfb32b elementor-widget__width-auto elementor-hidden-phone elementor-widget elementor-widget-aux_simple_svg\" data-move-in=\"\" data-move-out=\"moveVertical\" data-axis-x=\"200\" data-axis-y=\"50\" data-rotate=\"90\" data-scale=\"1\" data-vp-top=\"0.5\" data-vp-bot=\"0.5\" data-el-top=\"0.2\" data-scroll-animation-off=\"1024\" data-id=\"8cfb32b\" data-element_type=\"widget\" data-widget_type=\"aux_simple_svg.default\">\n\t\t\t\t<div class=\"elementor-widget-container\">\n\t\t\t    <div class=\"aux-widget-container aux-simple-svg-container\">\n        <div class=\"aux-widget-container-inner\">\n            <div class=\"aux-the-svg\"><svg xmlns=\"http:\/\/www.w3.org\/2000\/svg\" width=\"100.001\" height=\"100\" viewBox=\"0 0 171.001 171\"><defs><filter id=\"Orange_cyrcle\" x=\"0\" y=\"0\" width=\"171.001\" height=\"171\"><feOffset dy=\"3\" \/><feGaussianBlur stdDeviation=\"11.5\" result=\"blur\" \/><feFlood flood-color=\"coral\" flood-opacity=\"0.4\" \/><feComposite operator=\"in\" in2=\"blur\" \/><feComposite in=\"SourceGraphic\" \/><\/filter><\/defs><g transform=\"matrix(1, 0, 0, 1, 0, 0)\" filter=\"url(#Orange_cyrcle)\"><path id=\"Orange_cyrcle-2\" d=\"M51,0A51.377,51.377,0,0,0,40.722,1.036,50.72,50.72,0,0,0,22.485,8.71,51.149,51.149,0,0,0,4.008,31.149a50.744,50.744,0,0,0-2.972,9.573,51.5,51.5,0,0,0,0,20.557A50.721,50.721,0,0,0,8.71,79.515,51.149,51.149,0,0,0,31.149,97.993a50.742,50.742,0,0,0,9.573,2.972,51.5,51.5,0,0,0,20.557,0,50.72,50.72,0,0,0,18.236-7.674A51.149,51.149,0,0,0,97.992,70.852a50.744,50.744,0,0,0,2.972-9.573,51.5,51.5,0,0,0,0-20.557A50.722,50.722,0,0,0,93.29,22.486,51.149,51.149,0,0,0,70.852,4.008a50.743,50.743,0,0,0-9.573-2.972A51.377,51.377,0,0,0,51,0Zm.076,69.615a18.69,18.69,0,1,1,18.69-18.69A18.711,18.711,0,0,1,51.076,69.615Z\" transform=\"translate(34.5 133.5) rotate(-90)\" fill=\"coral\" \/><\/g><\/svg><\/div>\n        <\/div>\n    <\/div>\n    \t\t<\/div>\n\t\t\t\t<\/div>\n\t\t\t\t\t<\/div>\n\t\t<\/div>\n\t\t\t\t\t<\/div>\n\t\t<\/section>\n\t\t\t\t<\/div>\n\t\t","protected":false},"excerpt":{"rendered":"<p>\u0130LET\u0130\u015e\u0130M B\u0130Z\u0130MLE \u0130LET\u0130\u015e\u0130ME GE\u00c7\u0130N Telefon +90 532 683 7224 info@hikmetozer.com Adres B\u00fcy\u00fckkayac\u0131k OSB, Yaylac\u0131k Cd. No:6, 42280 B\u00fcy\u00fckkayac\u0131k Osb\/Sel\u00e7uklu\/Konya \u00c7al\u0131\u015fma Saatleri Pazartesi &#8211; Cuma : 08.00 &#8211; 18.00 Cumartesi : 08.00 &#8211; 13.00<\/p>\n","protected":false},"author":1,"featured_media":0,"parent":0,"menu_order":0,"comment_status":"closed","ping_status":"closed","template":"templates\/page-builder-content.php","meta":{"footnotes":""},"class_list":["post-138","page","type-page","status-publish","hentry"],"jetpack_sharing_enabled":true,"_links":{"self":[{"href":"https:\/\/hikmetozer.com\/index.php?rest_route=\/wp\/v2\/pages\/138","targetHints":{"allow":["GET"]}}],"collection":[{"href":"https:\/\/hikmetozer.com\/index.php?rest_route=\/wp\/v2\/pages"}],"about":[{"href":"https:\/\/hikmetozer.com\/index.php?rest_route=\/wp\/v2\/types\/page"}],"author":[{"embeddable":true,"href":"https:\/\/hikmetozer.com\/index.php?rest_route=\/wp\/v2\/users\/1"}],"replies":[{"embeddable":true,"href":"https:\/\/hikmetozer.com\/index.php?rest_route=%2Fwp%2Fv2%2Fcomments&post=138"}],"version-history":[{"count":13,"href":"https:\/\/hikmetozer.com\/index.php?rest_route=\/wp\/v2\/pages\/138\/revisions"}],"predecessor-version":[{"id":480,"href":"https:\/\/hikmetozer.com\/index.php?rest_route=\/wp\/v2\/pages\/138\/revisions\/480"}],"wp:attachment":[{"href":"https:\/\/hikmetozer.com\/index.php?rest_route=%2Fwp%2Fv2%2Fmedia&parent=138"}],"curies":[{"name":"wp","href":"https:\/\/api.w.org\/{rel}","templated":true}]}}