{"id":141,"date":"2020-02-17T12:41:17","date_gmt":"2020-02-17T09:41:17","guid":{"rendered":"https:\/\/hikmetozer.com\/?page_id=141"},"modified":"2024-04-19T18:11:46","modified_gmt":"2024-04-19T15:11:46","slug":"hakkimizda","status":"publish","type":"page","link":"https:\/\/hikmetozer.com\/?page_id=141","title":{"rendered":"Hakk\u0131m\u0131zda"},"content":{"rendered":"\t\t<div data-elementor-type=\"wp-page\" data-elementor-id=\"141\" class=\"elementor elementor-141\">\n\t\t\t\t\t\t<section class=\"elementor-section elementor-top-section elementor-element elementor-element-115bbfe elementor-section-boxed elementor-section-height-default elementor-section-height-default\" data-id=\"115bbfe\" data-element_type=\"section\">\n\t\t\t\t\t\t<div class=\"elementor-container elementor-column-gap-no\">\n\t\t\t\t\t<div class=\"aux-parallax-section elementor-column elementor-col-50 elementor-top-column elementor-element elementor-element-08edd72 aux-appear-watch-animation aux-fade-in-right\" data-id=\"08edd72\" data-element_type=\"column\">\n\t\t\t<div class=\"elementor-widget-wrap elementor-element-populated\">\n\t\t\t\t\t\t<div class=\"elementor-element elementor-element-952cd9f elementor-widget elementor-widget-spacer\" data-id=\"952cd9f\" data-element_type=\"widget\" data-widget_type=\"spacer.default\">\n\t\t\t\t<div class=\"elementor-widget-container\">\n\t\t\t\t\t<div class=\"elementor-spacer\">\n\t\t\t<div class=\"elementor-spacer-inner\"><\/div>\n\t\t<\/div>\n\t\t\t\t<\/div>\n\t\t\t\t<\/div>\n\t\t\t\t<div class=\"elementor-element elementor-element-70a8afe elementor-widget elementor-widget-aux_modern_heading\" data-id=\"70a8afe\" data-element_type=\"widget\" data-widget_type=\"aux_modern_heading.default\">\n\t\t\t\t<div class=\"elementor-widget-container\">\n\t\t\t<section class=\"aux-widget-modern-heading\">\n            <div class=\"aux-widget-inner\"><h2 class=\"aux-modern-heading-primary\">B\u0130Z K\u0130M\u0130Z ? <\/h2><div class=\"aux-modern-heading-description\"><h4>1964 de Tar\u0131m Makinalar\u0131 \u00fcretimiyle \u00e7\u0131kt\u0131\u011f\u0131m\u0131z bu yolda onlarca \u00e7e\u015fit makine \u00fcrettik.Bir\u00e7ok ilklere imza att\u0131k, 2001 Y\u0131l\u0131nda T\u00fcrkiye'den Amerika'ya \u0130hracat Yapan \u0130lk Firma Olarak Kurulduk . Ba\u015fta Amerika Birle\u015fik Devletleri, Rusya, Ukrayna, Uruguay, Bulgaristan, Makedonya, Suriye, \u0130ran, Irak, Azerbaycan ve Yemen olmak \u00fczere 4 k\u0131tadan pek \u00e7ok \u00fclkeye ihracat yapmaktay\u0131z. Kuruldu\u011fu g\u00fcnden beri s\u00fcrekli geli\u015fim felsefesi ile hareket eden Bizler, s\u00fcrekli geli\u015ftirdi\u011fi \u00fcretim teknolojisinin yan\u0131 s\u0131ra insan kaynaklar\u0131na da yat\u0131r\u0131m yaparak daima en iyiyi \u00fcretmeyi hedeflemektedir.<\/h4><\/div><\/div>\n        <\/section>\t\t<\/div>\n\t\t\t\t<\/div>\n\t\t\t\t\t<\/div>\n\t\t<\/div>\n\t\t\t\t<div class=\"aux-parallax-section elementor-column elementor-col-50 elementor-top-column elementor-element elementor-element-b16b5b4\" data-id=\"b16b5b4\" data-element_type=\"column\">\n\t\t\t<div class=\"elementor-widget-wrap elementor-element-populated\">\n\t\t\t\t\t\t<div class=\"elementor-element elementor-element-ded951d elementor-widget elementor-widget-aux_simple_svg\" data-id=\"ded951d\" data-element_type=\"widget\" data-widget_type=\"aux_simple_svg.default\">\n\t\t\t\t<div class=\"elementor-widget-container\">\n\t\t\t    <div class=\"aux-widget-container aux-simple-svg-container\">\n        <div class=\"aux-widget-container-inner\">\n            <div class=\"aux-the-svg\"><svg xmlns=\"http:\/\/www.w3.org\/2000\/svg\" width=\"340.356\" height=\"552.315\" viewBox=\"0 0 340.356 552.315\"><defs><filter id=\"Path_66\" x=\"228.393\" y=\"0\" width=\"88.783\" height=\"88.783\"><feOffset dy=\"3\" \/><feGaussianBlur stdDeviation=\"11.5\" result=\"blur\" \/><feFlood flood-color=\"coral\" flood-opacity=\"0.4\" \/><feComposite operator=\"in\" in2=\"blur\" \/><feComposite in=\"SourceGraphic\" \/><\/filter><filter id=\"Subtraction_15\" x=\"70.845\" y=\"100.442\" width=\"171.007\" height=\"171.008\"><feOffset dy=\"3\" \/><feGaussianBlur stdDeviation=\"11.5\" result=\"blur-2\" \/><feFlood flood-color=\"coral\" flood-opacity=\"0.4\" \/><feComposite operator=\"in\" in2=\"blur-2\" \/><feComposite in=\"SourceGraphic\" \/><\/filter><\/defs><g id=\"subfooter_element\" transform=\"translate(-139.974 -6126.97)\"><g transform=\"matrix(1, 0, 0, 1, 139.97, 6126.97)\" filter=\"url(#Path_66)\"><path id=\"Path_66-2\" d=\"M9.892,0A9.892,9.892,0,1,1,0,9.892,9.892,9.892,0,0,1,9.892,0Z\" transform=\"translate(262.89 31.5)\" fill=\"coral\" \/><\/g><path id=\"Path_38\" d=\"M55.151,0A55.151,55.151,0,1,1,0,55.151,55.151,55.151,0,0,1,55.151,0Z\" transform=\"matrix(0.259, 0.966, -0.966, 0.259, 451.782, 6344.727)\" fill=\"#fff\" opacity=\"0.33\" \/><path id=\"Path_41\" d=\"M17.874,0A17.874,17.874,0,1,1,0,17.874,17.874,17.874,0,0,1,17.874,0Z\" transform=\"matrix(0.259, 0.966, -0.966, 0.259, 174.504, 6635.503)\" fill=\"#fff\" opacity=\"0.33\" \/><g transform=\"matrix(1, 0, 0, 1, 139.97, 6126.97)\" filter=\"url(#Subtraction_15)\"><path id=\"Subtraction_15-2\" d=\"M41.645,83.288A41.655,41.655,0,0,1,25.435,3.272a41.655,41.655,0,0,1,32.42,76.743A41.384,41.384,0,0,1,41.645,83.288Zm0-56.877A15.233,15.233,0,1,0,56.878,41.644,15.25,15.25,0,0,0,41.645,26.411Z\" transform=\"matrix(0.26, 0.97, -0.97, 0.26, 185.8, 131.94)\" fill=\"coral\" \/><\/g><\/g><\/svg><\/div>\n        <\/div>\n    <\/div>\n    \t\t<\/div>\n\t\t\t\t<\/div>\n\t\t\t\t<div class=\"elementor-element elementor-element-4b6fc5c elementor-widget elementor-widget-spacer\" data-id=\"4b6fc5c\" data-element_type=\"widget\" data-widget_type=\"spacer.default\">\n\t\t\t\t<div class=\"elementor-widget-container\">\n\t\t\t\t\t<div class=\"elementor-spacer\">\n\t\t\t<div class=\"elementor-spacer-inner\"><\/div>\n\t\t<\/div>\n\t\t\t\t<\/div>\n\t\t\t\t<\/div>\n\t\t\t\t<div class=\"elementor-element elementor-element-cd142a5 elementor-widget elementor-widget-image\" data-id=\"cd142a5\" data-element_type=\"widget\" data-widget_type=\"image.default\">\n\t\t\t\t<div class=\"elementor-widget-container\">\n\t\t\t\t\t\t\t\t\t\t\t\t\t<img fetchpriority=\"high\" decoding=\"async\" width=\"2951\" height=\"2032\" src=\"https:\/\/hikmetozer.com\/wp-content\/uploads\/2024\/04\/arka.png\" class=\"attachment-full size-full wp-image-339\" alt=\"\" srcset=\"https:\/\/hikmetozer.com\/wp-content\/uploads\/2024\/04\/arka.png 2951w, https:\/\/hikmetozer.com\/wp-content\/uploads\/2024\/04\/arka-1536x1058.png 1536w, https:\/\/hikmetozer.com\/wp-content\/uploads\/2024\/04\/arka-2048x1410.png 2048w, https:\/\/hikmetozer.com\/wp-content\/uploads\/2024\/04\/arka-200x138.png 200w\" sizes=\"(max-width: 2951px) 100vw, 2951px\" \/>\t\t\t\t\t\t\t\t\t\t\t\t\t<\/div>\n\t\t\t\t<\/div>\n\t\t\t\t<div class=\"aux-scroll-anim elementor-element elementor-element-92ceca4 elementor-widget__width-auto elementor-widget elementor-widget-aux_simple_svg\" data-move-in=\"\" data-move-out=\"moveHorizontal\" data-axis-x=\"50\" data-axis-y=\"200\" data-rotate=\"90\" data-scale=\"1\" data-vp-top=\"0.5\" data-vp-bot=\"0.5\" data-el-top=\"0.2\" data-scroll-animation-off=\"1024\" data-id=\"92ceca4\" data-element_type=\"widget\" data-widget_type=\"aux_simple_svg.default\">\n\t\t\t\t<div class=\"elementor-widget-container\">\n\t\t\t    <div class=\"aux-widget-container aux-simple-svg-container\">\n        <div class=\"aux-widget-container-inner\">\n            <div class=\"aux-the-svg\"><svg xmlns=\"http:\/\/www.w3.org\/2000\/svg\" width=\"59.916\" height=\"59.916\" viewBox=\"0 0 89.916 89.916\"><defs><filter id=\"Path_66\" x=\"0\" y=\"0\" width=\"89.916\" height=\"89.916\"><feOffset dy=\"3\" \/><feGaussianBlur stdDeviation=\"11.5\" result=\"blur\" \/><feFlood flood-color=\"coral\" flood-opacity=\"0.4\" \/><feComposite operator=\"in\" in2=\"blur\" \/><feComposite in=\"SourceGraphic\" \/><\/filter><\/defs><g transform=\"matrix(1, 0, 0, 1, 0, 0)\" filter=\"url(#Path_66)\"><path id=\"Path_66-2\" d=\"M10.458,0A10.458,10.458,0,1,1,0,10.458,10.458,10.458,0,0,1,10.458,0Z\" transform=\"translate(34.5 31.5)\" fill=\"coral\" \/><\/g><\/svg><\/div>\n        <\/div>\n    <\/div>\n    \t\t<\/div>\n\t\t\t\t<\/div>\n\t\t\t\t<div class=\"elementor-element elementor-element-bd030df elementor-widget__width-auto elementor-widget elementor-widget-aux_simple_svg\" data-id=\"bd030df\" data-element_type=\"widget\" data-widget_type=\"aux_simple_svg.default\">\n\t\t\t\t<div class=\"elementor-widget-container\">\n\t\t\t    <div class=\"aux-widget-container aux-simple-svg-container\">\n        <div class=\"aux-widget-container-inner\">\n            <div class=\"aux-the-svg\"><svg xmlns=\"http:\/\/www.w3.org\/2000\/svg\" width=\"150.001\" height=\"150\" viewBox=\"0 0 171.001 171\"><defs><filter id=\"Orange_cyrcle\" x=\"0\" y=\"0\" width=\"171.001\" height=\"171\"><feOffset dy=\"3\" \/><feGaussianBlur stdDeviation=\"11.5\" result=\"blur\" \/><feFlood flood-color=\"coral\" flood-opacity=\"0.4\" \/><feComposite operator=\"in\" in2=\"blur\" \/><feComposite in=\"SourceGraphic\" \/><\/filter><\/defs><g transform=\"matrix(1, 0, 0, 1, 0, 0)\" filter=\"url(#Orange_cyrcle)\"><path id=\"Orange_cyrcle-2\" d=\"M51,0A51.377,51.377,0,0,0,40.722,1.036,50.72,50.72,0,0,0,22.485,8.71,51.149,51.149,0,0,0,4.008,31.149a50.744,50.744,0,0,0-2.972,9.573,51.5,51.5,0,0,0,0,20.557A50.721,50.721,0,0,0,8.71,79.515,51.149,51.149,0,0,0,31.149,97.993a50.742,50.742,0,0,0,9.573,2.972,51.5,51.5,0,0,0,20.557,0,50.72,50.72,0,0,0,18.236-7.674A51.149,51.149,0,0,0,97.992,70.852a50.744,50.744,0,0,0,2.972-9.573,51.5,51.5,0,0,0,0-20.557A50.722,50.722,0,0,0,93.29,22.486,51.149,51.149,0,0,0,70.852,4.008a50.743,50.743,0,0,0-9.573-2.972A51.377,51.377,0,0,0,51,0Zm.076,69.615a18.69,18.69,0,1,1,18.69-18.69A18.711,18.711,0,0,1,51.076,69.615Z\" transform=\"translate(34.5 133.5) rotate(-90)\" fill=\"coral\" \/><\/g><\/svg><\/div>\n        <\/div>\n    <\/div>\n    \t\t<\/div>\n\t\t\t\t<\/div>\n\t\t\t\t\t<\/div>\n\t\t<\/div>\n\t\t\t\t\t<\/div>\n\t\t<\/section>\n\t\t\t\t<section class=\"elementor-section elementor-top-section elementor-element elementor-element-84eb84e elementor-section-boxed elementor-section-height-default elementor-section-height-default\" data-id=\"84eb84e\" data-element_type=\"section\">\n\t\t\t\t\t\t<div class=\"elementor-container elementor-column-gap-default\">\n\t\t\t\t\t<div class=\"aux-parallax-section elementor-column elementor-col-100 elementor-top-column elementor-element elementor-element-e1d1675\" data-id=\"e1d1675\" data-element_type=\"column\">\n\t\t\t<div class=\"elementor-widget-wrap elementor-element-populated\">\n\t\t\t\t\t\t<div class=\"elementor-element elementor-element-d5eef11 elementor-widget-divider--view-line elementor-widget elementor-widget-divider\" data-id=\"d5eef11\" data-element_type=\"widget\" data-widget_type=\"divider.default\">\n\t\t\t\t<div class=\"elementor-widget-container\">\n\t\t\t\t\t<div class=\"elementor-divider\">\n\t\t\t<span class=\"elementor-divider-separator\">\n\t\t\t\t\t\t<\/span>\n\t\t<\/div>\n\t\t\t\t<\/div>\n\t\t\t\t<\/div>\n\t\t\t\t<div class=\"elementor-element elementor-element-de268f4 elementor-widget elementor-widget-aux_staff\" data-id=\"de268f4\" data-element_type=\"widget\" data-widget_type=\"aux_staff.default\">\n\t\t\t\t<div class=\"elementor-widget-container\">\n\t\t\t<section class=\"aux-wrap-style-simple widget-container aux-widget-staff aux-parent-au04a816aa\">    <div class=\"aux-staff-container aux-staff-pos-left aux-staff-text-center aux-staff-text-dark \" >\n            <div class=\"aux-staff-header aux-staff-img-round-rect\">\n            <div class=\"aux-media-image\"><img decoding=\"async\" width=\"300\" height=\"300\" src=\"https:\/\/hikmetozer.com\/wp-content\/uploads\/2024\/04\/dede-1-e1713539144601-40x40.jpg\" class=\" aux-preload aux-has-preview\" alt=\"dede\" data-ratio=\"1\" data-original-w=\"691\" data-srcset=\"https:\/\/hikmetozer.com\/wp-content\/uploads\/2024\/04\/dede-1-e1713539144601-150x150.jpg 150w,https:\/\/hikmetozer.com\/wp-content\/uploads\/2024\/04\/dede-1-e1713539144601-300x300.jpg 300w,https:\/\/hikmetozer.com\/wp-content\/uploads\/2024\/04\/dede-1-e1713539144601-300x300.jpg 300w\" data-src=\"https:\/\/hikmetozer.com\/wp-content\/uploads\/2024\/04\/dede-1-e1713539144601-300x300.jpg\" \/><\/div>        <\/div>\n            <div class=\"aux-staff-content\">\n                        <h4 class=\"col-title\">H\u0130KMET \u00d6ZER<\/h4>\n                        <h5 class=\"col-subtitle\">KURUCU M\u00dcD\u00dcR\u00dcM\u00dcZ<\/h5>\n                        <div class=\"entry-content\">\n                                M\u0131s\u0131r El Ezher \u00dcniversitesi\u2019nde e\u011fitim g\u00f6rm\u00fc\u015f olan Ayasl\u0131 Mevl\u00fct Efendi y\u00f6rede sayg\u0131 duyulan bir \u00f6\u011fretmendir.On iki \u00e7ocu\u011fundan alt\u0131s\u0131 hayatta kal\u0131r ve bunlar\u0131n en k\u00fc\u00e7\u00fc\u011f\u00fc olan H\u0130KMET \u00d6ZER 1946 y\u0131l\u0131nda Konya\u2019da d\u00fcnyaya gelir. Hen\u00fcz \u00e7ocuk ya\u015flar\u0131ndayken babas\u0131 Ayasl\u0131 Mevl\u00fct Efendi vefat eder. Annesiyle b\u00fcy\u00fcyen Hikmet \u00d6zer ilkokulu bitirdikten sonra sanayide oto tamiri yapan bir d\u00fckkana \u00e7\u0131rak olarak verilir. Bu tamircide 18 ya\u015f\u0131na gelene dek \u00e7al\u0131\u015f\u0131r. Bu s\u0131rada abisi olan Necati \u00d6zer de sanayidedir ikinci el trakt\u00f6r al\u0131m sat\u0131m\u0131 ve hurdac\u0131l\u0131k yapmaktad\u0131r. \u0130ki karde\u015fin hayat\u0131n\u0131 de\u011fi\u015ftiren olay o d\u00fckkanda ya\u015fan\u0131r. Hikmet \u00d6zer abisinin d\u00fckkan\u0131nda hurdal\u0131ktan toplad\u0131\u011f\u0131 par\u00e7alarla bir \u201cDiskaro\u201d yapar ve satar. Bu sat\u0131\u015ftan kazand\u0131\u011f\u0131 parayla iki diskaroluk malzeme al\u0131r ve \u00fcretime devam eder. Bunun \u00fczerine iki karde\u015f bu i\u015fi yapmaya ba\u015flarlar. 1964 y\u0131l\u0131nda \u00d6zer Ziraat Aletleri kurulur. Bu s\u00fcre\u00e7 1980 e kadar b\u00f6yle devam eder. 1980 y\u0131l\u0131nda karde\u015fler anla\u015fmal\u0131 \u015fekilde ayr\u0131l\u0131r ve Hikmet \u00d6zer yeni bir d\u00fckkan a\u00e7\u0131p Biz k\u00f6yl\u00fcye hizmet ediyoruz bundan sonra ad\u0131m\u0131z K\u00f6yl\u00fc diyerek K\u00f6yl\u00fc Tar\u0131m Kurulur. Hikmet \u00d6zer 10 \u015eubat 2009 Tarihinde vefat etmi\u015ftir. K\u00f6yl\u00fc Tar\u0131m Ltd.\u015eti ve Hikmet \u00d6zer D\u0131\u015f Ticaret Ltd. hizmetlerine halen 2.organizedeki fabrikas\u0131nda devam etmektedir.            <\/div>\n                    <\/div>\n\n    <\/div>\n\n\n<\/section><!-- widget-container -->\t\t<\/div>\n\t\t\t\t<\/div>\n\t\t\t\t\t<\/div>\n\t\t<\/div>\n\t\t\t\t\t<\/div>\n\t\t<\/section>\n\t\t\t\t<section class=\"elementor-section elementor-top-section elementor-element elementor-element-7e2bc03 elementor-section-boxed elementor-section-height-default elementor-section-height-default\" data-id=\"7e2bc03\" data-element_type=\"section\">\n\t\t\t\t\t\t<div class=\"elementor-container elementor-column-gap-default\">\n\t\t\t\t\t<div class=\"aux-parallax-section elementor-column elementor-col-100 elementor-top-column elementor-element elementor-element-9c211ba\" data-id=\"9c211ba\" data-element_type=\"column\">\n\t\t\t<div class=\"elementor-widget-wrap\">\n\t\t\t\t\t\t\t<\/div>\n\t\t<\/div>\n\t\t\t\t\t<\/div>\n\t\t<\/section>\n\t\t\t\t<\/div>\n\t\t","protected":false},"excerpt":{"rendered":"<p>B\u0130Z K\u0130M\u0130Z ? 1964 de Tar\u0131m Makinalar\u0131 \u00fcretimiyle \u00e7\u0131kt\u0131\u011f\u0131m\u0131z bu yolda onlarca \u00e7e\u015fit makine \u00fcrettik.Bir\u00e7ok ilklere imza att\u0131k, 2001 Y\u0131l\u0131nda T\u00fcrkiye&#8217;den Amerika&#8217;ya \u0130hracat Yapan \u0130lk Firma Olarak Kurulduk . Ba\u015fta Amerika Birle\u015fik Devletleri, Rusya, Ukrayna, Uruguay, Bulgaristan, Makedonya, Suriye, \u0130ran, Irak, Azerbaycan ve Yemen olmak \u00fczere 4 k\u0131tadan pek \u00e7ok \u00fclkeye ihracat yapmaktay\u0131z. Kuruldu\u011fu g\u00fcnden [&hellip;]<\/p>\n","protected":false},"author":1,"featured_media":0,"parent":0,"menu_order":0,"comment_status":"closed","ping_status":"closed","template":"templates\/page-builder-content.php","meta":{"footnotes":""},"class_list":["post-141","page","type-page","status-publish","hentry"],"jetpack_sharing_enabled":true,"_links":{"self":[{"href":"https:\/\/hikmetozer.com\/index.php?rest_route=\/wp\/v2\/pages\/141","targetHints":{"allow":["GET"]}}],"collection":[{"href":"https:\/\/hikmetozer.com\/index.php?rest_route=\/wp\/v2\/pages"}],"about":[{"href":"https:\/\/hikmetozer.com\/index.php?rest_route=\/wp\/v2\/types\/page"}],"author":[{"embeddable":true,"href":"https:\/\/hikmetozer.com\/index.php?rest_route=\/wp\/v2\/users\/1"}],"replies":[{"embeddable":true,"href":"https:\/\/hikmetozer.com\/index.php?rest_route=%2Fwp%2Fv2%2Fcomments&post=141"}],"version-history":[{"count":31,"href":"https:\/\/hikmetozer.com\/index.php?rest_route=\/wp\/v2\/pages\/141\/revisions"}],"predecessor-version":[{"id":400,"href":"https:\/\/hikmetozer.com\/index.php?rest_route=\/wp\/v2\/pages\/141\/revisions\/400"}],"wp:attachment":[{"href":"https:\/\/hikmetozer.com\/index.php?rest_route=%2Fwp%2Fv2%2Fmedia&parent=141"}],"curies":[{"name":"wp","href":"https:\/\/api.w.org\/{rel}","templated":true}]}}